{"id":6536,"date":"2023-11-17T16:23:04","date_gmt":"2023-11-17T16:23:04","guid":{"rendered":"http:\/\/www.depoelektronik.com\/?page_id=6536"},"modified":"2023-11-17T16:41:14","modified_gmt":"2023-11-17T16:41:14","slug":"yakinda-hizmetinizde","status":"publish","type":"page","link":"http:\/\/www.depoelektronik.com\/index.php\/yakinda-hizmetinizde\/","title":{"rendered":"Yak\u0131nda Hizmetinizde"},"content":{"rendered":"\t\t<div data-elementor-type=\"wp-page\" data-elementor-id=\"6536\" class=\"elementor elementor-6536\">\n\t\t\t\t\t\t<section class=\"elementor-section elementor-top-section elementor-element elementor-element-d15ae05 elementor-section-stretched elementor-section-boxed elementor-section-height-default elementor-section-height-default\" data-id=\"d15ae05\" data-element_type=\"section\" data-e-type=\"section\" data-settings=\"{&quot;stretch_section&quot;:&quot;section-stretched&quot;,&quot;background_background&quot;:&quot;classic&quot;}\">\n\t\t\t\t\t\t\t<div class=\"elementor-background-overlay\"><\/div>\n\t\t\t\t\t\t\t<div class=\"elementor-container elementor-column-gap-default\">\n\t\t\t\t\t<div class=\"elementor-column elementor-col-100 elementor-top-column elementor-element elementor-element-76cb0bf\" data-id=\"76cb0bf\" data-element_type=\"column\" data-e-type=\"column\">\n\t\t\t<div class=\"elementor-widget-wrap elementor-element-populated\">\n\t\t\t\t\t\t<div class=\"elementor-element elementor-element-887fd05 elementor-widget elementor-widget-heading\" data-id=\"887fd05\" data-element_type=\"widget\" data-e-type=\"widget\" data-widget_type=\"heading.default\">\n\t\t\t\t<div class=\"elementor-widget-container\">\n\t\t\t\t\t<h6 class=\"elementor-heading-title elementor-size-default\"><a href=\"#\">Yak\u0131nda Hizmetinizde!<\/a><\/h6>\t\t\t\t<\/div>\n\t\t\t\t<\/div>\n\t\t\t\t\t<\/div>\n\t\t<\/div>\n\t\t\t\t\t<\/div>\n\t\t<\/section>\n\t\t\t\t<section class=\"elementor-section elementor-top-section elementor-element elementor-element-658269e elementor-section-boxed elementor-section-height-default elementor-section-height-default\" data-id=\"658269e\" data-element_type=\"section\" data-e-type=\"section\">\n\t\t\t\t\t\t<div class=\"elementor-container elementor-column-gap-default\">\n\t\t\t\t\t<div class=\"elementor-column elementor-col-50 elementor-top-column elementor-element elementor-element-ae4276c\" data-id=\"ae4276c\" data-element_type=\"column\" data-e-type=\"column\">\n\t\t\t<div class=\"elementor-widget-wrap\">\n\t\t\t\t\t\t\t<\/div>\n\t\t<\/div>\n\t\t\t\t<div class=\"elementor-column elementor-col-50 elementor-top-column elementor-element elementor-element-0978045\" data-id=\"0978045\" data-element_type=\"column\" data-e-type=\"column\">\n\t\t\t<div class=\"elementor-widget-wrap elementor-element-populated\">\n\t\t\t\t\t\t<div class=\"elementor-element elementor-element-952072f elementor-widget elementor-widget-text-editor\" data-id=\"952072f\" data-element_type=\"widget\" data-e-type=\"widget\" data-widget_type=\"text-editor.default\">\n\t\t\t\t<div class=\"elementor-widget-container\">\n\t\t\t\t\t\t\t\t\t<h2 style=\"text-align: center;\">Destek i\u00e7in L\u00fctfen Bizi Aray\u0131n\u00a0<\/h2>\t\t\t\t\t\t\t\t<\/div>\n\t\t\t\t<\/div>\n\t\t\t\t\t<\/div>\n\t\t<\/div>\n\t\t\t\t\t<\/div>\n\t\t<\/section>\n\t\t\t\t<section class=\"elementor-section elementor-top-section elementor-element elementor-element-920a8a4 elementor-section-full_width elementor-section-stretched elementor-section-height-default elementor-section-height-default\" data-id=\"920a8a4\" data-element_type=\"section\" data-e-type=\"section\" data-settings=\"{&quot;stretch_section&quot;:&quot;section-stretched&quot;}\">\n\t\t\t\t\t\t<div class=\"elementor-container elementor-column-gap-default\">\n\t\t\t\t\t<div class=\"elementor-column elementor-col-100 elementor-top-column elementor-element elementor-element-5892243\" data-id=\"5892243\" data-element_type=\"column\" data-e-type=\"column\">\n\t\t\t<div class=\"elementor-widget-wrap elementor-element-populated\">\n\t\t\t\t\t\t<div class=\"elementor-element elementor-element-732ce1d elementor-widget elementor-widget-ts-logos\" data-id=\"732ce1d\" data-element_type=\"widget\" data-e-type=\"widget\" data-widget_type=\"ts-logos.default\">\n\t\t\t\t<div class=\"elementor-widget-container\">\n\t\t\t\t\t\t\t\t<div class=\"ts-logo-slider-wrapper use-logo-setting ts-shortcode style-border columns-6\" >\n\t\t\t\t<div class=\"content-wrapper\">\n\t\t\t\t\t<div class=\"items\">\n\t\t\t\t\t\t\t\t\t\t\t<div class=\"item\">\n\t\t\t\t\t\t\t\t\t\t\t\t\t\t\t<a href=\"http:\/\/www.depoelektronik.com\/?term=&#038;s=DARK&#038;post_type=product&#038;taxonomy=product_cat\" target=\"_self\">\n\t\t\t\t\t\t\t\t\t\t\t\t\t\t\t<img decoding=\"async\" width=\"204\" height=\"142\" src=\"http:\/\/www.depoelektronik.com\/wp-content\/uploads\/2022\/08\/logo-6-dr.jpg\" class=\"attachment-ts_logo_thumb size-ts_logo_thumb wp-post-image\" alt=\"\" \/>\t\t\t\t\t\t\t\t\t\t\t\t\t\t\t<\/a>\n\t\t\t\t\t\t\t\t\t\t\t\t\t<\/div>\n\t\t\t\t\t\t\t\t\t\t\t<div class=\"item\">\n\t\t\t\t\t\t\t\t\t\t\t\t\t\t\t<a href=\"http:\/\/www.depoelektronik.com\/?term=&#038;s=IMOU&#038;post_type=product&#038;taxonomy=product_cat\" target=\"_self\">\n\t\t\t\t\t\t\t\t\t\t\t\t\t\t\t<img decoding=\"async\" width=\"204\" height=\"142\" src=\"http:\/\/www.depoelektronik.com\/wp-content\/uploads\/2022\/08\/logo-5-mo.jpg\" class=\"attachment-ts_logo_thumb size-ts_logo_thumb wp-post-image\" alt=\"\" \/>\t\t\t\t\t\t\t\t\t\t\t\t\t\t\t<\/a>\n\t\t\t\t\t\t\t\t\t\t\t\t\t<\/div>\n\t\t\t\t\t\t\t\t\t\t\t<div class=\"item\">\n\t\t\t\t\t\t\t\t\t\t\t\t\t\t\t<a href=\"http:\/\/www.depoelektronik.com\/?term=&#038;s=NEUTRON&#038;post_type=product&#038;taxonomy=product_cat\" target=\"_self\">\n\t\t\t\t\t\t\t\t\t\t\t\t\t\t\t<img decoding=\"async\" width=\"204\" height=\"142\" src=\"http:\/\/www.depoelektronik.com\/wp-content\/uploads\/2022\/08\/logo-4-nt.jpg\" class=\"attachment-ts_logo_thumb size-ts_logo_thumb wp-post-image\" alt=\"\" \/>\t\t\t\t\t\t\t\t\t\t\t\t\t\t\t<\/a>\n\t\t\t\t\t\t\t\t\t\t\t\t\t<\/div>\n\t\t\t\t\t\t\t\t\t\t\t<div class=\"item\">\n\t\t\t\t\t\t\t\t\t\t\t\t\t\t\t<a href=\"http:\/\/www.depoelektronik.com\/?term=&#038;s=UN%C4%B0VIEW&#038;post_type=product&#038;taxonomy=product_cat\" target=\"_self\">\n\t\t\t\t\t\t\t\t\t\t\t\t\t\t\t<img loading=\"lazy\" decoding=\"async\" width=\"204\" height=\"142\" src=\"http:\/\/www.depoelektronik.com\/wp-content\/uploads\/2022\/08\/logo-3-nw.jpg\" class=\"attachment-ts_logo_thumb size-ts_logo_thumb wp-post-image\" alt=\"\" \/>\t\t\t\t\t\t\t\t\t\t\t\t\t\t\t<\/a>\n\t\t\t\t\t\t\t\t\t\t\t\t\t<\/div>\n\t\t\t\t\t\t\t\t\t\t\t<div class=\"item\">\n\t\t\t\t\t\t\t\t\t\t\t\t\t\t\t<a href=\"http:\/\/www.depoelektronik.com\/?term=&#038;s=Hikvision&#038;post_type=product&#038;taxonomy=product_cat\" target=\"_self\">\n\t\t\t\t\t\t\t\t\t\t\t\t\t\t\t<img loading=\"lazy\" decoding=\"async\" width=\"204\" height=\"142\" src=\"http:\/\/www.depoelektronik.com\/wp-content\/uploads\/2022\/08\/logo-hk.jpg\" class=\"attachment-ts_logo_thumb size-ts_logo_thumb wp-post-image\" alt=\"\" \/>\t\t\t\t\t\t\t\t\t\t\t\t\t\t\t<\/a>\n\t\t\t\t\t\t\t\t\t\t\t\t\t<\/div>\n\t\t\t\t\t\t\t\t\t\t\t<div class=\"item\">\n\t\t\t\t\t\t\t\t\t\t\t\t\t\t\t<a href=\"http:\/\/www.depoelektronik.com\/?term=&#038;s=dahua&#038;post_type=product&#038;taxonomy=product_cat\" target=\"_self\">\n\t\t\t\t\t\t\t\t\t\t\t\t\t\t\t<img loading=\"lazy\" decoding=\"async\" width=\"204\" height=\"142\" src=\"http:\/\/www.depoelektronik.com\/wp-content\/uploads\/2022\/08\/logo-1.jpg\" class=\"attachment-ts_logo_thumb size-ts_logo_thumb wp-post-image\" alt=\"\" \/>\t\t\t\t\t\t\t\t\t\t\t\t\t\t\t<\/a>\n\t\t\t\t\t\t\t\t\t\t\t\t\t<\/div>\n\t\t\t\t\t\t\t\t\t\t<\/div>\n\t\t\t\t<\/div>\n\t\t\t<\/div>\n\t\t\t\t\t\t<\/div>\n\t\t\t\t<\/div>\n\t\t\t\t\t<\/div>\n\t\t<\/div>\n\t\t\t\t\t<\/div>\n\t\t<\/section>\n\t\t\t\t<\/div>\n\t\t","protected":false},"excerpt":{"rendered":"<p>Yak\u0131nda Hizmetinizde! Destek i\u00e7in L\u00fctfen Bizi Aray\u0131n\u00a0<\/p>\n","protected":false},"author":1,"featured_media":0,"parent":0,"menu_order":0,"comment_status":"closed","ping_status":"closed","template":"","meta":{"_monsterinsights_skip_tracking":false,"_monsterinsights_sitenote_active":false,"_monsterinsights_sitenote_note":"","_monsterinsights_sitenote_category":0,"footnotes":""},"class_list":["post-6536","page","type-page","status-publish","hentry"],"aioseo_notices":[],"_links":{"self":[{"href":"http:\/\/www.depoelektronik.com\/index.php\/wp-json\/wp\/v2\/pages\/6536","targetHints":{"allow":["GET"]}}],"collection":[{"href":"http:\/\/www.depoelektronik.com\/index.php\/wp-json\/wp\/v2\/pages"}],"about":[{"href":"http:\/\/www.depoelektronik.com\/index.php\/wp-json\/wp\/v2\/types\/page"}],"author":[{"embeddable":true,"href":"http:\/\/www.depoelektronik.com\/index.php\/wp-json\/wp\/v2\/users\/1"}],"replies":[{"embeddable":true,"href":"http:\/\/www.depoelektronik.com\/index.php\/wp-json\/wp\/v2\/comments?post=6536"}],"version-history":[{"count":16,"href":"http:\/\/www.depoelektronik.com\/index.php\/wp-json\/wp\/v2\/pages\/6536\/revisions"}],"predecessor-version":[{"id":6554,"href":"http:\/\/www.depoelektronik.com\/index.php\/wp-json\/wp\/v2\/pages\/6536\/revisions\/6554"}],"wp:attachment":[{"href":"http:\/\/www.depoelektronik.com\/index.php\/wp-json\/wp\/v2\/media?parent=6536"}],"curies":[{"name":"wp","href":"https:\/\/api.w.org\/{rel}","templated":true}]}}