{"id":1995,"date":"2022-03-03T17:39:26","date_gmt":"2022-03-03T10:39:26","guid":{"rendered":"http:\/\/www.depoelektronik.com\/?post_type=product&#038;p=1995"},"modified":"2023-10-29T11:39:34","modified_gmt":"2023-10-29T11:39:34","slug":"dahua-xvr1b04-4-kanal","status":"publish","type":"product","link":"http:\/\/www.depoelektronik.com\/index.php\/urun\/dahua-xvr1b04-4-kanal\/","title":{"rendered":"Dahua XVR1B04 4 Kanal H265+ 1080N HDCVI AHD XVR Kay\u0131t Cihaz\u0131"},"content":{"rendered":"<p>Dahua XVR1B04 4 Kanal H265+ 1080N HDCVI AHD XVR Kay\u0131t Cihaz\u0131<\/p>\n<div class=\"row-2-columns\">\n<ul>\n<li>\n<h3>DAHUA XVR1B04-I<\/h3>\n<p>4 Kanal Penta-brid Cooper 1U 1HDD WizSense Dijital Video Kaydedici<\/p>\n<div>&gt; H.265+\/H.265 \u00e7ift ak\u0131\u015fl\u0131 video s\u0131k\u0131\u015ft\u0131rma<br \/>\n&gt; Tam kanal AI Kodlamay\u0131\u00a0\u00a0destekler<\/div>\n<div>&gt; HDCVI\/AHD\/TVI\/CVBS\/IP video giri\u015flerini destekler<br \/>\n&gt; Her kanal 2\u00a0\u00a0MP&#8217;ye\u00a0\u00a0kadar olan maksimum 5 kanal IP kamera giri\u015fi;\u00a0\u00a0Maks. 20 Mbps gelen bant geni\u015fli\u011fi<br \/>\n&gt; 4 kanala kadar video ak\u0131\u015f\u0131 (analog kanal) SMD Plus<\/div>\n<\/li>\n<\/ul>\n<\/div>\n","protected":false},"excerpt":{"rendered":"<p>Cihaz ultra H265+ s\u0131k\u0131\u015ft\u0131rma format\u0131 ile tasarruf edecek kadar ak\u0131ll\u0131d\u0131r.<\/p>\n<div class=\"brand\">\n<div class=\"brand\">Marka\u00a0 \u00a0 \u00a0 \u00a0 \u00a0: <a href=\"https:\/\/www.nevaelektronik.net\/dahua\">Dahua<\/a><\/div>\n<div class=\"model\">\u00dcr\u00fcn Kodu:\u00a0Dahua XVR1B04 4 Kanal Penta-brid 1080N HDCVI Kay\u0131t Cihaz\u0131<\/div>\n<\/div>\n","protected":false},"featured_media":5160,"comment_status":"open","ping_status":"closed","template":"","meta":{"_monsterinsights_skip_tracking":false,"_monsterinsights_sitenote_active":false,"_monsterinsights_sitenote_note":"","_monsterinsights_sitenote_category":0},"product_brand":[],"product_cat":[66,59],"product_tag":[118,84,61],"class_list":{"0":"post-1995","1":"product","2":"type-product","3":"status-publish","4":"has-post-thumbnail","6":"product_cat-dvr-kayit-cihazi","7":"product_cat-kayit-cihazlari","8":"product_tag-avenir","9":"product_tag-dahua","10":"product_tag-kayit-cihazi","11":"ts_product_brand-dahua","13":"first","14":"instock","15":"sale","16":"taxable","17":"shipping-taxable","18":"purchasable","19":"product-type-simple","20":"add-to-wishlist-after_add_to_cart"},"aioseo_notices":[],"_links":{"self":[{"href":"http:\/\/www.depoelektronik.com\/index.php\/wp-json\/wp\/v2\/product\/1995","targetHints":{"allow":["GET"]}}],"collection":[{"href":"http:\/\/www.depoelektronik.com\/index.php\/wp-json\/wp\/v2\/product"}],"about":[{"href":"http:\/\/www.depoelektronik.com\/index.php\/wp-json\/wp\/v2\/types\/product"}],"replies":[{"embeddable":true,"href":"http:\/\/www.depoelektronik.com\/index.php\/wp-json\/wp\/v2\/comments?post=1995"}],"version-history":[{"count":10,"href":"http:\/\/www.depoelektronik.com\/index.php\/wp-json\/wp\/v2\/product\/1995\/revisions"}],"predecessor-version":[{"id":5595,"href":"http:\/\/www.depoelektronik.com\/index.php\/wp-json\/wp\/v2\/product\/1995\/revisions\/5595"}],"wp:featuredmedia":[{"embeddable":true,"href":"http:\/\/www.depoelektronik.com\/index.php\/wp-json\/wp\/v2\/media\/5160"}],"wp:attachment":[{"href":"http:\/\/www.depoelektronik.com\/index.php\/wp-json\/wp\/v2\/media?parent=1995"}],"wp:term":[{"taxonomy":"product_brand","embeddable":true,"href":"http:\/\/www.depoelektronik.com\/index.php\/wp-json\/wp\/v2\/product_brand?post=1995"},{"taxonomy":"product_cat","embeddable":true,"href":"http:\/\/www.depoelektronik.com\/index.php\/wp-json\/wp\/v2\/product_cat?post=1995"},{"taxonomy":"product_tag","embeddable":true,"href":"http:\/\/www.depoelektronik.com\/index.php\/wp-json\/wp\/v2\/product_tag?post=1995"}],"curies":[{"name":"wp","href":"https:\/\/api.w.org\/{rel}","templated":true}]}}