{"id":223,"date":"2022-03-03T14:21:47","date_gmt":"2022-03-03T07:21:47","guid":{"rendered":"http:\/\/www.depoelektronik.com\/?post_type=product&#038;p=223"},"modified":"2023-10-16T18:49:35","modified_gmt":"2023-10-16T18:49:35","slug":"hikvision-17d0t-it3f-1080p-36mm-bullet-kamera","status":"publish","type":"product","link":"http:\/\/www.depoelektronik.com\/index.php\/urun\/hikvision-17d0t-it3f-1080p-36mm-bullet-kamera\/","title":{"rendered":"HIKVISION. 17D0T-IT3F 1080p 3,6mm Bullet Kamera"},"content":{"rendered":"<table width=\"930\">\n<tbody>\n<tr>\n<td><strong>Kamera Kasa Tipi<\/strong><\/td>\n<td>Bullet<\/td>\n<td width=\"50\"><\/td>\n<\/tr>\n<tr>\n<td><strong>Lens Tipi<\/strong><\/td>\n<td>Sabit Lens<\/td>\n<td width=\"50\"><\/td>\n<\/tr>\n<tr>\n<td><strong>Kamera Ses Deste\u011fi<\/strong><\/td>\n<td>Yok<\/td>\n<td width=\"50\"><\/td>\n<\/tr>\n<tr>\n<td><strong>WDR<\/strong><\/td>\n<td>DWDR<\/td>\n<td width=\"50\"><\/td>\n<\/tr>\n<tr>\n<td><strong>Alarm Deste\u011fi<\/strong><\/td>\n<td>Yok<\/td>\n<td width=\"50\"><\/td>\n<\/tr>\n<tr>\n<td><strong>PoE Deste\u011fi<\/strong><\/td>\n<td>Yok<\/td>\n<td width=\"50\"><\/td>\n<\/tr>\n<tr>\n<td><strong>Gece G\u00f6r\u00fc\u015f Mesafesi<\/strong><\/td>\n<td>40m<\/td>\n<td width=\"50\"><\/td>\n<\/tr>\n<tr>\n<td><strong>Kamera \u00c7\u00f6z\u00fcn\u00fcrl\u00fck<\/strong><\/td>\n<td>2MP<\/td>\n<td width=\"50\"><\/td>\n<\/tr>\n<tr>\n<td><strong>Koruma Direnci<\/strong><\/td>\n<td>IP67<\/td>\n<td width=\"50\"><\/td>\n<\/tr>\n<tr>\n<td><strong>Lens \u00d6zelli\u011fi<\/strong><\/td>\n<td>3.6mm<\/td>\n<td width=\"50\"><\/td>\n<\/tr>\n<tr>\n<td><strong>24\/7 Color<\/strong><\/td>\n<td>Yok<\/td>\n<td><\/td>\n<\/tr>\n<\/tbody>\n<\/table>\n<p>&nbsp;<\/p>\n","protected":false},"excerpt":{"rendered":"<p>HIKVISION. 17D0T-IT3F 1080p 3,6mm Bullet Kamera<\/p>\n<ul class=\"ul-style check\">\n<li>Marka: HIKVISION<\/li>\n<li>\u00dcr\u00fcn No: 17D0T-IT3F<\/li>\n<\/ul>\n","protected":false},"featured_media":5355,"comment_status":"open","ping_status":"closed","template":"","meta":{"_monsterinsights_skip_tracking":false,"_monsterinsights_sitenote_active":false,"_monsterinsights_sitenote_note":"","_monsterinsights_sitenote_category":0},"product_brand":[],"product_cat":[73,156],"product_tag":[],"class_list":{"0":"post-223","1":"product","2":"type-product","3":"status-publish","4":"has-post-thumbnail","6":"product_cat-analog","7":"product_cat-bullet-kameralar","8":"ts_product_brand-hikvision","10":"first","11":"instock","12":"featured","13":"taxable","14":"shipping-taxable","15":"purchasable","16":"product-type-simple","17":"add-to-wishlist-after_add_to_cart"},"aioseo_notices":[],"_links":{"self":[{"href":"http:\/\/www.depoelektronik.com\/index.php\/wp-json\/wp\/v2\/product\/223","targetHints":{"allow":["GET"]}}],"collection":[{"href":"http:\/\/www.depoelektronik.com\/index.php\/wp-json\/wp\/v2\/product"}],"about":[{"href":"http:\/\/www.depoelektronik.com\/index.php\/wp-json\/wp\/v2\/types\/product"}],"replies":[{"embeddable":true,"href":"http:\/\/www.depoelektronik.com\/index.php\/wp-json\/wp\/v2\/comments?post=223"}],"version-history":[{"count":2,"href":"http:\/\/www.depoelektronik.com\/index.php\/wp-json\/wp\/v2\/product\/223\/revisions"}],"predecessor-version":[{"id":5361,"href":"http:\/\/www.depoelektronik.com\/index.php\/wp-json\/wp\/v2\/product\/223\/revisions\/5361"}],"wp:featuredmedia":[{"embeddable":true,"href":"http:\/\/www.depoelektronik.com\/index.php\/wp-json\/wp\/v2\/media\/5355"}],"wp:attachment":[{"href":"http:\/\/www.depoelektronik.com\/index.php\/wp-json\/wp\/v2\/media?parent=223"}],"wp:term":[{"taxonomy":"product_brand","embeddable":true,"href":"http:\/\/www.depoelektronik.com\/index.php\/wp-json\/wp\/v2\/product_brand?post=223"},{"taxonomy":"product_cat","embeddable":true,"href":"http:\/\/www.depoelektronik.com\/index.php\/wp-json\/wp\/v2\/product_cat?post=223"},{"taxonomy":"product_tag","embeddable":true,"href":"http:\/\/www.depoelektronik.com\/index.php\/wp-json\/wp\/v2\/product_tag?post=223"}],"curies":[{"name":"wp","href":"https:\/\/api.w.org\/{rel}","templated":true}]}}