{"id":259,"date":"2022-03-03T15:03:34","date_gmt":"2022-03-03T08:03:34","guid":{"rendered":"http:\/\/www.depoelektronik.com\/?post_type=product&#038;p=259"},"modified":"2023-10-14T23:42:33","modified_gmt":"2023-10-14T23:42:33","slug":"dahua-hac-hfw1500tlp-a-5mp-3-6mm-starlight-hdcvi-ir-bullet-kamera-dahili-mikr","status":"publish","type":"product","link":"http:\/\/www.depoelektronik.com\/index.php\/urun\/dahua-hac-hfw1500tlp-a-5mp-3-6mm-starlight-hdcvi-ir-bullet-kamera-dahili-mikr\/","title":{"rendered":"DAHUA HAC-HFW1500TLP-A 5MP 3.6mm Starlight HDCVI IR Bullet Kamera (-Dahili Mikr"},"content":{"rendered":"<p>DAHUA HAC-HFW1500TLP-A 5MP 3.6mm Starlight HDCVI IR Bullet Kamera (-Dahili Mikrofon)<\/p>\n<table width=\"930\">\n<tbody>\n<tr>\n<td><strong>Kamera Kasa Tipi<\/strong><\/td>\n<td>Bullet<\/td>\n<\/tr>\n<tr>\n<td><strong>Lens Tipi<\/strong><\/td>\n<td>Sabit Lens<\/td>\n<\/tr>\n<tr>\n<td><strong>Kamera Ses Deste\u011fi<\/strong><\/td>\n<td>Yok<\/td>\n<\/tr>\n<tr>\n<td><strong>WDR<\/strong><\/td>\n<td>DWDR<\/td>\n<\/tr>\n<tr>\n<td><strong>Alarm Deste\u011fi<\/strong><\/td>\n<td>Yok<\/td>\n<\/tr>\n<tr>\n<td><strong>PoE Deste\u011fi<\/strong><\/td>\n<td>Yok<\/td>\n<\/tr>\n<tr>\n<td><strong>Gece G\u00f6r\u00fc\u015f Mesafesi<\/strong><\/td>\n<td>80m<\/td>\n<\/tr>\n<tr>\n<td><strong>Kamera \u00c7\u00f6z\u00fcn\u00fcrl\u00fck<\/strong><\/td>\n<td>5MP<\/td>\n<\/tr>\n<tr>\n<td><strong>Koruma Direnci<\/strong><\/td>\n<td>IP67<\/td>\n<\/tr>\n<tr>\n<td><strong>Lens \u00d6zelli\u011fi<\/strong><\/td>\n<td>3.6mm<\/td>\n<\/tr>\n<tr>\n<td><strong>24\/7 Color<\/strong><\/td>\n<td>Var<\/td>\n<\/tr>\n<\/tbody>\n<\/table>\n<p>&nbsp;<\/p>\n","protected":false},"excerpt":{"rendered":"<p>DAHUA HAC-HFW1500TLP-A 5MP 3.6mm Starlight HDCVI IR Bullet Kamera (-Dahili Mikrofon)<\/p>\n","protected":false},"featured_media":5322,"comment_status":"open","ping_status":"closed","template":"","meta":{"_monsterinsights_skip_tracking":false,"_monsterinsights_sitenote_active":false,"_monsterinsights_sitenote_note":"","_monsterinsights_sitenote_category":0},"product_brand":[],"product_cat":[73,156],"product_tag":[],"class_list":{"0":"post-259","1":"product","2":"type-product","3":"status-publish","4":"has-post-thumbnail","6":"product_cat-analog","7":"product_cat-bullet-kameralar","8":"ts_product_brand-dahua","10":"first","11":"instock","12":"sale","13":"taxable","14":"shipping-taxable","15":"purchasable","16":"product-type-simple","17":"add-to-wishlist-after_add_to_cart"},"aioseo_notices":[],"_links":{"self":[{"href":"http:\/\/www.depoelektronik.com\/index.php\/wp-json\/wp\/v2\/product\/259","targetHints":{"allow":["GET"]}}],"collection":[{"href":"http:\/\/www.depoelektronik.com\/index.php\/wp-json\/wp\/v2\/product"}],"about":[{"href":"http:\/\/www.depoelektronik.com\/index.php\/wp-json\/wp\/v2\/types\/product"}],"replies":[{"embeddable":true,"href":"http:\/\/www.depoelektronik.com\/index.php\/wp-json\/wp\/v2\/comments?post=259"}],"version-history":[{"count":2,"href":"http:\/\/www.depoelektronik.com\/index.php\/wp-json\/wp\/v2\/product\/259\/revisions"}],"predecessor-version":[{"id":5325,"href":"http:\/\/www.depoelektronik.com\/index.php\/wp-json\/wp\/v2\/product\/259\/revisions\/5325"}],"wp:featuredmedia":[{"embeddable":true,"href":"http:\/\/www.depoelektronik.com\/index.php\/wp-json\/wp\/v2\/media\/5322"}],"wp:attachment":[{"href":"http:\/\/www.depoelektronik.com\/index.php\/wp-json\/wp\/v2\/media?parent=259"}],"wp:term":[{"taxonomy":"product_brand","embeddable":true,"href":"http:\/\/www.depoelektronik.com\/index.php\/wp-json\/wp\/v2\/product_brand?post=259"},{"taxonomy":"product_cat","embeddable":true,"href":"http:\/\/www.depoelektronik.com\/index.php\/wp-json\/wp\/v2\/product_cat?post=259"},{"taxonomy":"product_tag","embeddable":true,"href":"http:\/\/www.depoelektronik.com\/index.php\/wp-json\/wp\/v2\/product_tag?post=259"}],"curies":[{"name":"wp","href":"https:\/\/api.w.org\/{rel}","templated":true}]}}